{"id":510,"date":"2023-10-16T12:29:47","date_gmt":"2023-10-16T12:29:47","guid":{"rendered":"https:\/\/asesoriasaf.eus\/personalizar-cookies\/"},"modified":"2023-10-16T12:40:42","modified_gmt":"2023-10-16T12:40:42","slug":"customise-cookies","status":"publish","type":"page","link":"https:\/\/asesoriasaf.eus\/en\/personalizar-cookies\/","title":{"rendered":"Customize Cookies"},"content":{"rendered":"<div>\n      <div id=\"custom-cookies-eu-label\">\n          The website https:\/\/asesoriasaf.eus uses its own cookies for its proper functioning. By clicking the Accept button, you agree to the use of these technologies and the processing of your data for these purposes.          \n\n      <\/div>\n\n      <div id=\"custom-cookies-eu-buttons\" class=\"cookies-eu-buttons\">\n        <button id=\"custom-cookies-eu-reject\" class=\"cookies-eu-reject\">Reject<\/button>\n        <button id=\"custom-cookies-eu-accept\" class=\"cookies-eu-accept\">ACCEPT ALL COOKIES<\/button><\/div>\n      <\/div>\n\n<br\/>\n<p>\n\tYou can change your cookie preferences at any time by returning to the Customise Cookies page, which you can access via the Cookie Notice. To find out more about cookies and how we use them, please see the <a href=\"https:\/\/asesoriasaf.eus\/en\/politica-de-cookies\/\">Cookie Policy<\/a>.\n<\/p>\n\n<h3>Technical cookies<\/h3>\n<p>\n\tThey are those that allow registered users to navigate through the website, the restricted area and to use its different functions, such as the comments system or the search engine, and cannot be deactivated.\n<\/p>","protected":false},"excerpt":{"rendered":"<p>El sitio Web https:\/\/asesoriasaf.eus utiliza cookies propias para su correcto funcionamiento. Al hacer clic en el bot\u00f3n Aceptar, acepta el uso de estas tecnolog\u00edas y el procesamiento de sus datos para estos prop\u00f3sitos. Rechazar ACEPTAR TODAS LAS COOKIES Puedes cambiar tus preferencias de cookies en cualquier momento si vuelves a la p\u00e1gina de Personalizar cookies, [&hellip;]<\/p>\n","protected":false},"author":1,"featured_media":0,"parent":0,"menu_order":0,"comment_status":"closed","ping_status":"closed","template":"","meta":{"footnotes":""},"class_list":["post-510","page","type-page","status-publish","hentry"],"_links":{"self":[{"href":"https:\/\/asesoriasaf.eus\/en\/wp-json\/wp\/v2\/pages\/510","targetHints":{"allow":["GET"]}}],"collection":[{"href":"https:\/\/asesoriasaf.eus\/en\/wp-json\/wp\/v2\/pages"}],"about":[{"href":"https:\/\/asesoriasaf.eus\/en\/wp-json\/wp\/v2\/types\/page"}],"author":[{"embeddable":true,"href":"https:\/\/asesoriasaf.eus\/en\/wp-json\/wp\/v2\/users\/1"}],"replies":[{"embeddable":true,"href":"https:\/\/asesoriasaf.eus\/en\/wp-json\/wp\/v2\/comments?post=510"}],"version-history":[{"count":1,"href":"https:\/\/asesoriasaf.eus\/en\/wp-json\/wp\/v2\/pages\/510\/revisions"}],"predecessor-version":[{"id":518,"href":"https:\/\/asesoriasaf.eus\/en\/wp-json\/wp\/v2\/pages\/510\/revisions\/518"}],"wp:attachment":[{"href":"https:\/\/asesoriasaf.eus\/en\/wp-json\/wp\/v2\/media?parent=510"}],"curies":[{"name":"wp","href":"https:\/\/api.w.org\/{rel}","templated":true}]}}