{"id":509,"date":"2023-10-16T12:29:44","date_gmt":"2023-10-16T12:29:44","guid":{"rendered":"https:\/\/asesoriasaf.eus\/politica-de-cookies\/"},"modified":"2023-10-16T12:29:44","modified_gmt":"2023-10-16T12:29:44","slug":"cookie-policy","status":"publish","type":"page","link":"https:\/\/asesoriasaf.eus\/en\/politica-de-cookies\/","title":{"rendered":"Cookie Policy"},"content":{"rendered":"<h2>What are cookies?<\/h2>\n\n<p>\n\tIn English, the term \"cookie\" means biscuit, but in the field of web browsing, a \"cookie\" is something completely different. When you access our Website, a small amount of text is stored on your device's browser called a \"cookie\". This text contains various information about your browsing habits, preferences, personalisation of content, etc...\n<\/p>\n\n<p>\n\tThere are other technologies that work in a similar way and are also used to collect data about your browsing activity. We will call all of these technologies together \"cookies\".\n<\/p>\n\n<p>\n\tThe specific uses we make of these technologies are described in this document.\n<\/p>\n\n<h2>What are cookies used for on this website?<\/h2>\n\n<p>\n\tCookies are an essential part of how the Website works. The main purpose of our cookies is to improve your browsing experience. For example, to remember your preferences (language, country, etc.) during browsing and on future visits. The information collected in cookies also allows us to improve the website, adapt it to your interests as a user, speed up the searches you perform, etc...\n<\/p>\n\n<p>\n\tIn certain cases, if we have obtained your prior informed consent, we may use cookies for other purposes, such as to obtain information that allows us to show you advertising based on the analysis of your browsing habits.\n<\/p>\n\n<h2>What are cookies NOT used for on this website?<\/h2>\n\n<p>\n\tNo sensitive personally identifiable information such as your name, address, password, etc. is stored in the cookies we use.\n<\/p>\n\n<h2>Who uses the information stored in cookies?<\/h2>\n\n<p>\n\tThe information stored in the cookies on our Website is used exclusively by us, with the exception of those identified below as \"third-party cookies\", which are used and managed by external entities that provide us with services that improve the user experience. For example, statistics are collected on the number of visits, the content that is most liked, etc... \n<\/p>\n\n\n\n<h2>How can you prevent the use of cookies on this Website?<\/h2>\n\n<p>\n\tIf you prefer to avoid the use of cookies, you can REJECT their use or you can CONFIGURE the ones you want to avoid and the ones you are allowed to use (in this document we give you more information about each type of cookie, its purpose, recipient, temporality, etc... ).\n<\/p>\n\n<p>\n\tIf you have accepted them, we will not ask you again unless you delete the cookies on your device as set out in the section below. If you want to revoke consent you will need to delete the cookies and reset them.\n<\/p>\n\n\n<h2>How do I disable and delete the use of cookies?<\/h2>\n\n<p>\nThe Owner displays information about its Cookie Policy in the cookie banner accessible on all pages of the Website. The cookie banner displays essential information on data processing and allows the User to perform the following actions:\n<\/p>\n<p>\n<ul>\n  <li>ACCEPT or REFUSE the installation of cookies, or withdraw the consent previously granted.<\/li>\n  <li>Change your cookie preferences from the Customise Cookies page, which you can access from the Cookie Notice or from the <a href=\"https:\/\/asesoriasaf.eus\/en\/personalizar-cookies\/\">Customize Cookies<\/a>.<\/li>\n  \n  <li>For further information, please visit the  <a href=\"https:\/\/asesoriasaf.eus\/en\/politica-de-cookies\/\">Cookie Policy<\/a>.<\/li>\n<\/ul>\n<\/p>\n\n<p>\n\tTo restrict, block or delete cookies from this Website (and those used by third parties) you can do so, at any time, by modifying your browser settings. Please note that these settings are different for each browser.\n<\/p>\n\n<p> \n  The following links provide instructions on how to enable or disable cookies in the most common browsers.\n<\/p>\n\n<p>\n  <ul>\n    <li><a rel=\"noopener noreferrer nofollow\" target=\"_blank\" href=\"http:\/\/support.mozilla.org\/es\/kb\/habilitar-y-deshabilitar-cookies-que-los-sitios-we\">Firefox<\/a><\/li>\n    <li><a target=\"_blank\" rel=\"noopener noreferrer nofollow\" href=\"https:\/\/support.google.com\/chrome\/answer\/95647?hl=es\">Google Chrome<\/a><\/li>\n    <li><a target=\"_blank\" rel=\"noopener noreferrer nofollow\" href=\"https:\/\/support.microsoft.com\/es-es\/help\/17442\/windows-internet-explorer-delete-manage-cookies#ie=&quot;ie-10\">Internet Explorer<\/a><\/li>\n    <li><a target=\"_blank\" rel=\"noopener noreferrer nofollow\" href=\"https:\/\/support.microsoft.com\/es-es\/help\/4468242\/microsoft-edge-browsing-data-and-privacy\">Microsoft Edge<\/a><\/li>\n    <li><a rel=\"noopener noreferrer nofollow\" target=\"_blank\" href=\"http:\/\/support.apple.com\/kb\/HT1677?viewlocale=es_ES\">Safari<\/a><\/li>\n  <\/ul>\n<\/p>\n\n\n<h2>What types of cookies are used on this website?<\/h2>\n\n<p>\n\tEach website uses its own cookies. We use the cookies listed below on our website:\n<\/p>\n\n<p>\n\t<b>ACCORDING TO THE ENTITY THAT MANAGES IT<\/b>\n<\/p>\n\n<p>\n\t<b>Own cookies:<\/b>\n<\/p>\n\n<p>\n\tThese are those that are sent to the User's terminal equipment from a computer or domain managed by the publisher itself and from which the service requested by the User is provided.\n<\/p>\n\n<p>\n\t<b>Third-party cookies:<\/b>\n<\/p>\n\n<p>\n\tCookies are those that are sent to the User's terminal equipment from a computer or domain that is not managed by the editor, but by another entity that processes the data obtained through the cookies.\n<\/p>\n\n<p>\n\tIn the event that the cookies are served from a computer or domain managed by the editor itself, but the information collected through these is managed by a third party, they cannot be considered as own cookies if the third party uses them for its own purposes (for example, to improve the services it provides or to provide advertising services for other entities).\n<\/p>\n\n<p>\n\t<b>ACCORDING TO THEIR PURPOSE<\/b>\n<\/p>\n\n<p>\n\t<b>Technical cookies:<\/b>\n<\/p>\n\n<p>\n\tThey are those necessary for browsing and the proper functioning of our Website, such as, for example, controlling traffic and data communication, identifying the session, accessing parts of restricted access, making the application for registration or participation in an event, counting visits for the purposes of billing software licenses with which the Website service works, using security elements during browsing, storing content for the broadcast of videos or sound, enabling dynamic content (for example, loading animation of a text or image).\n<\/p>\n\n<p>\n\t<b>Analysis cookies:<\/b>\n<\/p>\n\n<p>\n\tThey make it possible to quantify the number of users and thus carry out the measurement and statistical analysis of the use made by users of the Website. \n<\/p>\n\n<p>\n\t<b>Preference or personalisation cookies:<\/b>\n<\/p>\n\n<p>\n\tThese are those that allow information to be remembered so that the User can access the service with certain characteristics that may differentiate their experience from that of other users, such as, for example, the language, the number of results to be displayed when the User performs a search, the appearance or content of the service depending on the type of browser through which the User accesses the service or the region from which the User accesses the service, etc.\n<\/p>\n\n\n\n<p>\n\t<b>ACCORDING TO THE LENGTH OF TIME THEY REMAIN ACTIVATED<\/b>\n<\/p>\n\n<p>\n\t<b>Session cookies:<\/b>\n<\/p>\n\n<p>\n\tThese are those designed to collect and store data while the User accesses a web page.\n<\/p>\n\n<p>\n\tThey are usually used to store information that is only relevant to the provision of the service requested by the User on a single occasion (e.g. a list of products purchased) and disappear at the end of the session.\n<\/p>\n\n<p>\n\t<b>Persistent cookies:<\/b>\n<\/p>\n\n<p>\n\tThese are cookies in which the data remain stored in the terminal and can be accessed and processed for a period defined by the party responsible for the cookie, which can range from a few minutes to several years. In this respect, it should be specifically assessed whether the use of persistent cookies is necessary, since privacy risks could be reduced by using session cookies. In any case, when persistent cookies are set, it is recommended to reduce their temporary duration to the minimum necessary, taking into account the purpose of their use. To this end, WG29 Opinion 4\/2012 indicated that for a cookie to be exempt from the duty of informed consent, its expiry must be related to its purpose. As a result, session cookies are much more likely to be exempted than persistent cookies.\n<\/p>\n\n\n<p>\n\t<b>Details of cookies used on this website:<\/b>\n<\/p>","protected":false},"excerpt":{"rendered":"<p>\u00bfQu\u00e9 son las cookies? En ingl\u00e9s, el t\u00e9rmino &quot;cookie&quot; significa galleta, pero en el \u00e1mbito de la navegaci\u00f3n web, una &quot;cookie&quot; es algo completamente distinto. Cuando accede a nuestro Sitio Web, en el navegador de su dispositivo se almacena una peque\u00f1a cantidad de texto que se denomina &quot;cookie&quot;. Este texto contiene informaci\u00f3n variada sobre su [&hellip;]<\/p>\n","protected":false},"author":1,"featured_media":0,"parent":0,"menu_order":0,"comment_status":"closed","ping_status":"closed","template":"","meta":{"footnotes":""},"class_list":["post-509","page","type-page","status-publish","hentry"],"_links":{"self":[{"href":"https:\/\/asesoriasaf.eus\/en\/wp-json\/wp\/v2\/pages\/509","targetHints":{"allow":["GET"]}}],"collection":[{"href":"https:\/\/asesoriasaf.eus\/en\/wp-json\/wp\/v2\/pages"}],"about":[{"href":"https:\/\/asesoriasaf.eus\/en\/wp-json\/wp\/v2\/types\/page"}],"author":[{"embeddable":true,"href":"https:\/\/asesoriasaf.eus\/en\/wp-json\/wp\/v2\/users\/1"}],"replies":[{"embeddable":true,"href":"https:\/\/asesoriasaf.eus\/en\/wp-json\/wp\/v2\/comments?post=509"}],"version-history":[{"count":0,"href":"https:\/\/asesoriasaf.eus\/en\/wp-json\/wp\/v2\/pages\/509\/revisions"}],"wp:attachment":[{"href":"https:\/\/asesoriasaf.eus\/en\/wp-json\/wp\/v2\/media?parent=509"}],"curies":[{"name":"wp","href":"https:\/\/api.w.org\/{rel}","templated":true}]}}